{"id":320,"date":"2023-09-09T04:33:53","date_gmt":"2023-09-09T04:33:53","guid":{"rendered":"https:\/\/www.butterflyscythe.com\/jinx\/?page_id=320"},"modified":"2024-09-25T09:17:31","modified_gmt":"2024-09-25T09:17:31","slug":"calendar","status":"publish","type":"page","link":"https:\/\/www.butterflyscythe.com\/jinx\/calendar\/","title":{"rendered":"Calendar"},"content":{"rendered":"<div class=\"wp-block-image\">\n<figure class=\"aligncenter size-full\"><img loading=\"lazy\" decoding=\"async\" width=\"585\" height=\"440\" src=\"https:\/\/www.butterflyscythe.com\/jinx\/wp-content\/uploads\/2023\/09\/585px-Wheel_of_the_Year-COLOUR.png\" alt=\"\" class=\"wp-image-322\" srcset=\"https:\/\/www.butterflyscythe.com\/jinx\/wp-content\/uploads\/2023\/09\/585px-Wheel_of_the_Year-COLOUR.png 585w, https:\/\/www.butterflyscythe.com\/jinx\/wp-content\/uploads\/2023\/09\/585px-Wheel_of_the_Year-COLOUR-300x226.png 300w\" sizes=\"auto, (max-width: 585px) 100vw, 585px\" \/><\/figure>\n<\/div>\n\n\n<p>The year is divided into two cycles, each with its own guardian. The two sisters, Brighid and Beira guard each half of the year. They hate each other and hate us. They use the seasons to bring unique, new sufferings upon everyone &#8212; they punish with heat and cold respectively. They represent the destructive powers of sunlight and the lackthereof as the world winters over.<\/p>\n\n\n<div class=\"wp-block-image\">\n<figure class=\"aligncenter\"><img decoding=\"async\" src=\"blob:https:\/\/www.butterflyscythe.com\/202083b9-2123-4de3-9e6a-cd4118149b25\" alt=\"\"\/><\/figure>\n<\/div>\n\n\n<p><\/p>\n\n\n\n<p>Brighid:<br>Beltane 1 May (V\u00e1rbl\u00f3t April 30)<br>Feast of Sarah La Kali 24 May<br>Midsummer 19-23 June (grian-stad an t-samhraidh)<br>Lughnasadh 1 August Red Magick<br>Ganesh Chathurti \/ Burning Man Late Aug &#8211; Early Sept<br>Mabon 21-24 September (co-fhad-thr\u00e0th an fhoghair)<\/p>\n\n\n\n<p><\/p>\n\n\n\n<p>Beira:<br>Samhain 1 November<br>Yule 20-23 December<br>Imvolc 12 February<br>M\u0103r\u021bi\u0219or \/ Baba Marta Day 1-9 March*<br>Ostara 19-22 March<\/p>\n\n\n\n<p>* this is strictly for Thracian Chaos Magick<\/p>\n\n\n\n<p><\/p>\n\n\n\n<p><\/p>\n\n\n\n<p><\/p>\n\n\n\n<p>Thurs Bl\u00f3ts:<br>V\u00e1rbl\u00f3t, April 30<br>The Spring Ritual is on Walpurgis Night and is looked upon as the beginning of the M\u00faspell- workings. The winter has ended and the summer approaches.<br>Mi\u00f0sumarbl\u00f3t, June 21 (20)<br>The Summer Solstice Ritual is on Midsummer Night and is looked upon as the climax of the M\u00faspell- workings, and should thereby have a grand ritual which includes the full M\u00faspell-working.<br>Haustbl\u00f3t, October 31<br>The Autumn Ritual is on Samhain Night and is looked upon as the beginning of the Nifl-workings. The summer has ended and the winter approaches.<br>Mi\u00f0svetrarbl\u00f3t, December 21 (20)<\/p>\n\n\n\n<p><\/p>\n\n\n\n<p>Witchtember:<\/p>\n\n\n<div class=\"wp-block-image\">\n<figure class=\"aligncenter size-large\"><img loading=\"lazy\" decoding=\"async\" width=\"820\" height=\"1024\" src=\"https:\/\/www.butterflyscythe.com\/jinx\/wp-content\/uploads\/2023\/09\/witchtember-820x1024.jpg\" alt=\"\" class=\"wp-image-324\" srcset=\"https:\/\/www.butterflyscythe.com\/jinx\/wp-content\/uploads\/2023\/09\/witchtember-820x1024.jpg 820w, https:\/\/www.butterflyscythe.com\/jinx\/wp-content\/uploads\/2023\/09\/witchtember-240x300.jpg 240w, https:\/\/www.butterflyscythe.com\/jinx\/wp-content\/uploads\/2023\/09\/witchtember-768x959.jpg 768w, https:\/\/www.butterflyscythe.com\/jinx\/wp-content\/uploads\/2023\/09\/witchtember-1074x1342.jpg 1074w, https:\/\/www.butterflyscythe.com\/jinx\/wp-content\/uploads\/2023\/09\/witchtember.jpg 1080w\" sizes=\"auto, (max-width: 820px) 100vw, 820px\" \/><\/figure>\n<\/div>\n\n\n<p><\/p>\n\n\n\n<p><\/p>\n\n\n\n<p><\/p>\n\n\n\n<p><\/p>\n\n\n\n<p>(Summer \/ Heat \/ Fire) Brighid in Lughnasadh:<\/p>\n\n\n<div class=\"wp-block-image\">\n<figure class=\"aligncenter size-full\"><img loading=\"lazy\" decoding=\"async\" width=\"512\" height=\"768\" src=\"https:\/\/www.butterflyscythe.com\/jinx\/wp-content\/uploads\/2023\/09\/3c30417d6c9c440c997a1297708449061-1.png\" alt=\"\" class=\"wp-image-328\" srcset=\"https:\/\/www.butterflyscythe.com\/jinx\/wp-content\/uploads\/2023\/09\/3c30417d6c9c440c997a1297708449061-1.png 512w, https:\/\/www.butterflyscythe.com\/jinx\/wp-content\/uploads\/2023\/09\/3c30417d6c9c440c997a1297708449061-1-200x300.png 200w\" sizes=\"auto, (max-width: 512px) 100vw, 512px\" \/><\/figure>\n<\/div>\n\n\n<p>(Winter \/ Cold \/ Frost) Beira in Ostara:<\/p>\n\n\n<div class=\"wp-block-image\">\n<figure class=\"aligncenter size-full\"><img loading=\"lazy\" decoding=\"async\" width=\"512\" height=\"768\" src=\"https:\/\/www.butterflyscythe.com\/jinx\/wp-content\/uploads\/2023\/09\/19efe251496747a88327a94dcbf10053.png\" alt=\"\" class=\"wp-image-326\" srcset=\"https:\/\/www.butterflyscythe.com\/jinx\/wp-content\/uploads\/2023\/09\/19efe251496747a88327a94dcbf10053.png 512w, https:\/\/www.butterflyscythe.com\/jinx\/wp-content\/uploads\/2023\/09\/19efe251496747a88327a94dcbf10053-200x300.png 200w\" sizes=\"auto, (max-width: 512px) 100vw, 512px\" \/><\/figure>\n<\/div>\n\n\n<p><\/p>\n","protected":false},"excerpt":{"rendered":"<p>The year is divided into two cycles, each with its own guardian. The two sisters, Brighid and Beira guard each half of the year. They hate each other and hate us. They use the seasons to bring unique, new sufferings upon everyone &#8212; they punish with heat and cold respectively. They represent the destructive powers&#8230;<\/p>\n","protected":false},"author":1,"featured_media":329,"parent":0,"menu_order":0,"comment_status":"closed","ping_status":"closed","template":"","meta":{"footnotes":""},"class_list":["post-320","page","type-page","status-publish","has-post-thumbnail","hentry"],"_links":{"self":[{"href":"https:\/\/www.butterflyscythe.com\/jinx\/wp-json\/wp\/v2\/pages\/320","targetHints":{"allow":["GET"]}}],"collection":[{"href":"https:\/\/www.butterflyscythe.com\/jinx\/wp-json\/wp\/v2\/pages"}],"about":[{"href":"https:\/\/www.butterflyscythe.com\/jinx\/wp-json\/wp\/v2\/types\/page"}],"author":[{"embeddable":true,"href":"https:\/\/www.butterflyscythe.com\/jinx\/wp-json\/wp\/v2\/users\/1"}],"replies":[{"embeddable":true,"href":"https:\/\/www.butterflyscythe.com\/jinx\/wp-json\/wp\/v2\/comments?post=320"}],"version-history":[{"count":7,"href":"https:\/\/www.butterflyscythe.com\/jinx\/wp-json\/wp\/v2\/pages\/320\/revisions"}],"predecessor-version":[{"id":1805,"href":"https:\/\/www.butterflyscythe.com\/jinx\/wp-json\/wp\/v2\/pages\/320\/revisions\/1805"}],"wp:featuredmedia":[{"embeddable":true,"href":"https:\/\/www.butterflyscythe.com\/jinx\/wp-json\/wp\/v2\/media\/329"}],"wp:attachment":[{"href":"https:\/\/www.butterflyscythe.com\/jinx\/wp-json\/wp\/v2\/media?parent=320"}],"curies":[{"name":"wp","href":"https:\/\/api.w.org\/{rel}","templated":true}]}}